{"id":7719,"date":"2022-09-19T18:36:59","date_gmt":"2022-09-19T18:36:59","guid":{"rendered":"https:\/\/dascostorage.com\/stging.ae\/politique-de-confidentialite\/"},"modified":"2025-05-03T18:48:35","modified_gmt":"2025-05-03T18:48:35","slug":"politique-de-confidentialite","status":"publish","type":"page","link":"https:\/\/dascostorage.com\/stging.ae\/fr\/politique-de-confidentialite\/","title":{"rendered":"politique de confidentialit\u00e9"},"content":{"rendered":"\t\t<div data-elementor-type=\"wp-page\" data-elementor-id=\"7719\" class=\"elementor elementor-7719 elementor-3\" data-elementor-post-type=\"page\">\n\t\t\t\t\t\t<section class=\"elementor-section elementor-top-section elementor-element elementor-element-63de581 elementor-section-boxed elementor-section-height-default elementor-section-height-default\" data-id=\"63de581\" data-element_type=\"section\" data-e-type=\"section\">\n\t\t\t\t\t\t<div class=\"elementor-container elementor-column-gap-default\">\n\t\t\t\t\t<div class=\"elementor-column elementor-col-100 elementor-top-column elementor-element elementor-element-2d261ec\" data-id=\"2d261ec\" data-element_type=\"column\" data-e-type=\"column\">\n\t\t\t<div class=\"elementor-widget-wrap elementor-element-populated\">\n\t\t\t\t\t\t<div class=\"elementor-element elementor-element-ca8b8ce elementor-widget elementor-widget-heading\" data-id=\"ca8b8ce\" data-element_type=\"widget\" data-e-type=\"widget\" data-widget_type=\"heading.default\">\n\t\t\t\t<div class=\"elementor-widget-container\">\n\t\t\t\t\t<h1 class=\"elementor-heading-title elementor-size-default\">[ politique de confidentialit\u00e9 ]<\/h1>\t\t\t\t<\/div>\n\t\t\t\t<\/div>\n\t\t\t\t\t<\/div>\n\t\t<\/div>\n\t\t\t\t\t<\/div>\n\t\t<\/section>\n\t\t\t\t<section class=\"elementor-section elementor-top-section elementor-element elementor-element-9139c1a elementor-section-boxed elementor-section-height-default elementor-section-height-default\" data-id=\"9139c1a\" data-element_type=\"section\" data-e-type=\"section\">\n\t\t\t\t\t\t<div class=\"elementor-container elementor-column-gap-default\">\n\t\t\t\t\t<div class=\"elementor-column elementor-col-100 elementor-top-column elementor-element elementor-element-aae40c8\" data-id=\"aae40c8\" data-element_type=\"column\" data-e-type=\"column\">\n\t\t\t<div class=\"elementor-widget-wrap elementor-element-populated\">\n\t\t\t\t\t\t<div class=\"elementor-element elementor-element-bd3e662 elementor-widget elementor-widget-text-editor\" data-id=\"bd3e662\" data-element_type=\"widget\" data-e-type=\"widget\" data-widget_type=\"text-editor.default\">\n\t\t\t\t<div class=\"elementor-widget-container\">\n\t\t\t\t\t\t\t\t\t<p>Cette politique de confidentialit\u00e9 d\u00e9finit la mani\u00e8re dont DASCO Storage Solutions (DASCO) g\u00e8re et s\u00e9curise les informations que vous lui communiquez lorsque vous utilisez ce site web.<\/p>\n<p>DASCO s\u2019engage \u00e0 garantir la protection de votre vie priv\u00e9e. Si nous vous demandons de fournir certaines informations permettant de vous identifier lors de l\u2019utilisation de notre site web, soyez assur\u00e9 qu\u2019elles seront utilis\u00e9es conform\u00e9ment \u00e0 notre d\u00e9claration de confidentialit\u00e9.<\/p>\n<p>DASCO se r\u00e9serve le droit de modifier cette politique de temps \u00e0 autre en mettant \u00e0 jour cette page sans pr\u00e9avis. Cette politique est en vigueur depuis le 1er janvier 2023.<\/p>\n<h2>Ce que nous collectons<\/h2>\n<p>Nous pouvons collecter les informations suivantes&nbsp;:<\/p>\n<ul>\n<li>Nom et fonction<\/li>\n<li>Coordonn\u00e9es, incluant votre adresse courriel.<\/li>\n<li>Informations d\u00e9mographiques telles que le code postal, les pr\u00e9f\u00e9rences et les centres d\u2019int\u00e9r\u00eat<\/li>\n<li>Autres informations pertinentes pour les enqu\u00eates clients et\/ou les offres<\/li>\n<\/ul>\n<h3>Utilisation des informations collect\u00e9es<\/h3>\n<p>Nous avons besoin de ces informations pour comprendre vos besoins et vous fournir un meilleur service, notamment pour les raisons suivantes&nbsp;:<\/p>\n<ul>\n<li>Tenue de registres internes<\/li>\n<li>Nous pouvons utiliser ces informations pour am\u00e9liorer nos produits et services.<\/li>\n<li>Nous pouvons vous envoyer p\u00e9riodiquement des courriels promotionnels au sujet de nouveaux produits, des offres sp\u00e9ciales ou d\u2019autres informations susceptibles de vous int\u00e9resser, \u00e0 l\u2019adresse \u00e9lectronique que vous avez fournie.<\/li>\n<li>Nous pouvons \u00e9galement utiliser vos informations pour vous contacter \u00e0 des fins d\u2019\u00e9tudes de march\u00e9. Nous pouvons vous contacter par courriel, t\u00e9l\u00e9phone, fax ou courrier.<\/li>\n<li>Nous pouvons utiliser ces informations pour personnaliser le site web en fonction de vos centres d\u2019int\u00e9r\u00eat.<\/li>\n<li>Nous pouvons communiquer vos informations \u00e0 nos partenaires tiers \u00e0 des fins marketing ou promotionnelles.<\/li>\n<li><b>Nous ne vendrons jamais vos informations.<\/b><\/li>\n<\/ul>\n<h2>S\u00e9curit\u00e9<\/h2>\n<p>Nous nous engageons \u00e0 garantir la s\u00e9curit\u00e9 de vos informations. Afin d\u2019emp\u00eacher tout acc\u00e8s ou divulgation non autoris\u00e9s, nous avons mis en place des proc\u00e9dures physiques, \u00e9lectroniques et de gestion appropri\u00e9es pour prot\u00e9ger et s\u00e9curiser les informations que nous collectons en ligne.<\/p>\n<h2>Comment nous utilisons les t\u00e9moins<\/h2>\n<p>Un t\u00e9moin est un petit fichier qui demande l\u2019autorisation d\u2019\u00eatre install\u00e9 dans la m\u00e9moire de votre ordinateur. Une fois que vous avez accept\u00e9, le fichier est ajout\u00e9. Le t\u00e9moin sert alors \u00e0 analyser le trafic web ou vous informe de vos visites sur un site sp\u00e9cifique. Gr\u00e2ce au t\u00e9moin, les applications Web peuvent r\u00e9agir en fonction de votre historique. L\u2019application web peut adapter son fonctionnement \u00e0 vos besoins, pr\u00e9f\u00e9rences et aversions en collectant et en m\u00e9morisant des informations sur vos pr\u00e9f\u00e9rences.<br>Nous utilisons des cookies de trafic pour identifier les pages consult\u00e9es. Cela nous permet d\u2019analyser les donn\u00e9es de trafic et d\u2019am\u00e9liorer notre site web afin de l\u2019adapter aux besoins de nos clients. Nous utilisons ces informations uniquement \u00e0 des fins d\u2019analyse statistique, puis les donn\u00e9es sont supprim\u00e9es du syst\u00e8me.<\/p>\n<p>Globalement, les t\u00e9moins contribuent \u00e0 vous offrir un site web de meilleure qualit\u00e9, en nous permettant de savoir quelles pages vous int\u00e9ressent et lesquelles vous int\u00e9ressent. Un t\u00e9moin ne nous donne en aucun cas acc\u00e8s \u00e0 votre ordinateur ni \u00e0 aucune information vous concernant, hormis les donn\u00e9es que vous choisissez de partager avec nous.<\/p>\n<p>Vous pouvez choisir d\u2019accepter ou de refuser les cookies. La plupart des navigateurs web acceptent automatiquement les cookies, mais vous pouvez g\u00e9n\u00e9ralement modifier les param\u00e8tres de votre navigateur pour les refuser si vous le souhaitez. Cela pourrait vous emp\u00eacher de profiter pleinement du site web.<\/p>\n<h2>Liens vers d\u2019autres sites web<\/h2>\n<p>Notre site Web peut contenir des liens vous permettant de visiter facilement d\u2019autres sites web susceptibles de vous int\u00e9resser. Cependant, une fois que vous avez utilis\u00e9 ces liens pour quitter notre site, sachez que nous n\u2019avons aucun contr\u00f4le sur ces autres sites web. Par cons\u00e9quent, nous ne pouvons \u00eatre tenus responsables de la protection et de la confidentialit\u00e9 des informations que vous fournissez lors de votre visite sur ces sites, et ces derniers ne sont pas r\u00e9gis par la pr\u00e9sente d\u00e9claration de confidentialit\u00e9. Soyez vigilant et consultez la d\u00e9claration de confidentialit\u00e9 applicable au site web concern\u00e9.<\/p>\n<h2>Modifications<\/h2>\n<p>Nous nous r\u00e9servons le droit, \u00e0 notre enti\u00e8re discr\u00e9tion, de modifier ou de remplacer les pr\u00e9sentes Conditions \u00e0 tout moment. En cas de modification importante, nous nous efforcerons de vous en informer au moins 30 jours \u00e0 l\u2019avance avant l\u2019entr\u00e9e en vigueur de toute nouvelle condition. La d\u00e9finition d\u2019une modification importante sera d\u00e9termin\u00e9e \u00e0 notre enti\u00e8re discr\u00e9tion.<\/p>\n<h2>Utilisation du contenu et des images<\/h2>\n<p>Il est strictement interdit d\u2019utiliser le contenu ou les images du site Web de DASCO Storage Solutions sans autorisation \u00e9crite pr\u00e9alable.<\/p>\t\t\t\t\t\t\t\t<\/div>\n\t\t\t\t<\/div>\n\t\t\t\t\t<\/div>\n\t\t<\/div>\n\t\t\t\t\t<\/div>\n\t\t<\/section>\n\t\t\t\t<\/div>\n\t\t","protected":false},"excerpt":{"rendered":"<p>[ politique de confidentialit\u00e9 ] Cette politique de confidentialit\u00e9 d\u00e9finit la mani\u00e8re dont DASCO Storage Solutions (DASCO) g\u00e8re et s\u00e9curise les informations que vous lui communiquez lorsque vous utilisez ce site web. DASCO s\u2019engage \u00e0 garantir la protection de votre vie priv\u00e9e. Si nous vous demandons de fournir certaines informations permettant de vous identifier lors [&hellip;]<\/p>\n","protected":false},"author":1,"featured_media":0,"parent":0,"menu_order":0,"comment_status":"closed","ping_status":"closed","template":"elementor_header_footer","meta":{"footnotes":""},"class_list":["post-7719","page","type-page","status-publish","hentry"],"yoast_head":"<!-- This site is optimized with the Yoast SEO plugin v27.5 - https:\/\/yoast.com\/product\/yoast-seo-wordpress\/ -->\n<title>politique de confidentialit\u00e9 - Dasco Storage Solutions<\/title>\n<meta name=\"robots\" content=\"index, follow, max-snippet:-1, max-image-preview:large, max-video-preview:-1\" \/>\n<link rel=\"canonical\" href=\"https:\/\/dascostorage.com\/stging.ae\/fr\/politique-de-confidentialite\/\" \/>\n<meta property=\"og:locale\" content=\"fr_FR\" \/>\n<meta property=\"og:type\" content=\"article\" \/>\n<meta property=\"og:title\" content=\"politique de confidentialit\u00e9 - Dasco Storage Solutions\" \/>\n<meta property=\"og:description\" content=\"[ politique de confidentialit\u00e9 ] Cette politique de confidentialit\u00e9 d\u00e9finit la mani\u00e8re dont DASCO Storage Solutions (DASCO) g\u00e8re et s\u00e9curise les informations que vous lui communiquez lorsque vous utilisez ce site web. DASCO s\u2019engage \u00e0 garantir la protection de votre vie priv\u00e9e. Si nous vous demandons de fournir certaines informations permettant de vous identifier lors [&hellip;]\" \/>\n<meta property=\"og:url\" content=\"https:\/\/dascostorage.com\/stging.ae\/fr\/politique-de-confidentialite\/\" \/>\n<meta property=\"og:site_name\" content=\"Dasco Storage Solutions\" \/>\n<meta property=\"article:publisher\" content=\"https:\/\/www.facebook.com\/profile.php?id=100028941325482\" \/>\n<meta property=\"article:modified_time\" content=\"2025-05-03T18:48:35+00:00\" \/>\n<meta name=\"twitter:card\" content=\"summary_large_image\" \/>\n<meta name=\"twitter:label1\" content=\"Dur\u00e9e de lecture estim\u00e9e\" \/>\n\t<meta name=\"twitter:data1\" content=\"4 minutes\" \/>\n<script type=\"application\/ld+json\" class=\"yoast-schema-graph\">{\"@context\":\"https:\\\/\\\/schema.org\",\"@graph\":[{\"@type\":\"WebPage\",\"@id\":\"https:\\\/\\\/dascostorage.com\\\/stging.ae\\\/fr\\\/politique-de-confidentialite\\\/\",\"url\":\"https:\\\/\\\/dascostorage.com\\\/stging.ae\\\/fr\\\/politique-de-confidentialite\\\/\",\"name\":\"politique de confidentialit\u00e9 - Dasco Storage Solutions\",\"isPartOf\":{\"@id\":\"https:\\\/\\\/dascostorage.com\\\/stging.ae\\\/fr\\\/#website\"},\"datePublished\":\"2022-09-19T18:36:59+00:00\",\"dateModified\":\"2025-05-03T18:48:35+00:00\",\"breadcrumb\":{\"@id\":\"https:\\\/\\\/dascostorage.com\\\/stging.ae\\\/fr\\\/politique-de-confidentialite\\\/#breadcrumb\"},\"inLanguage\":\"fr-FR\",\"potentialAction\":[{\"@type\":\"ReadAction\",\"target\":[\"https:\\\/\\\/dascostorage.com\\\/stging.ae\\\/fr\\\/politique-de-confidentialite\\\/\"]}]},{\"@type\":\"BreadcrumbList\",\"@id\":\"https:\\\/\\\/dascostorage.com\\\/stging.ae\\\/fr\\\/politique-de-confidentialite\\\/#breadcrumb\",\"itemListElement\":[{\"@type\":\"ListItem\",\"position\":1,\"name\":\"Home\",\"item\":\"https:\\\/\\\/dascostorage.com\\\/stging.ae\\\/fr\\\/\"},{\"@type\":\"ListItem\",\"position\":2,\"name\":\"politique de confidentialit\u00e9\"}]},{\"@type\":\"WebSite\",\"@id\":\"https:\\\/\\\/dascostorage.com\\\/stging.ae\\\/fr\\\/#website\",\"url\":\"https:\\\/\\\/dascostorage.com\\\/stging.ae\\\/fr\\\/\",\"name\":\"Dasco Storage Solutions\",\"description\":\"High-security storage solutions for law enforcement, militaries, government facilities, public institutions, and more.\",\"publisher\":{\"@id\":\"https:\\\/\\\/dascostorage.com\\\/stging.ae\\\/fr\\\/#organization\"},\"potentialAction\":[{\"@type\":\"SearchAction\",\"target\":{\"@type\":\"EntryPoint\",\"urlTemplate\":\"https:\\\/\\\/dascostorage.com\\\/stging.ae\\\/fr\\\/?s={search_term_string}\"},\"query-input\":{\"@type\":\"PropertyValueSpecification\",\"valueRequired\":true,\"valueName\":\"search_term_string\"}}],\"inLanguage\":\"fr-FR\"},{\"@type\":\"Organization\",\"@id\":\"https:\\\/\\\/dascostorage.com\\\/stging.ae\\\/fr\\\/#organization\",\"name\":\"Dasco Storage Solutions\",\"url\":\"https:\\\/\\\/dascostorage.com\\\/stging.ae\\\/fr\\\/\",\"logo\":{\"@type\":\"ImageObject\",\"inLanguage\":\"fr-FR\",\"@id\":\"https:\\\/\\\/dascostorage.com\\\/stging.ae\\\/fr\\\/#\\\/schema\\\/logo\\\/image\\\/\",\"url\":\"https:\\\/\\\/dascostorage.com\\\/stging.ae\\\/wp-content\\\/uploads\\\/2022\\\/09\\\/Dasco-Logo-1.png\",\"contentUrl\":\"https:\\\/\\\/dascostorage.com\\\/stging.ae\\\/wp-content\\\/uploads\\\/2022\\\/09\\\/Dasco-Logo-1.png\",\"width\":1941,\"height\":556,\"caption\":\"Dasco Storage Solutions\"},\"image\":{\"@id\":\"https:\\\/\\\/dascostorage.com\\\/stging.ae\\\/fr\\\/#\\\/schema\\\/logo\\\/image\\\/\"},\"sameAs\":[\"https:\\\/\\\/www.facebook.com\\\/profile.php?id=100028941325482\",\"https:\\\/\\\/www.instagram.com\\\/dascostoragesolutions\\\/\"]}]}<\/script>\n<!-- \/ Yoast SEO plugin. -->","yoast_head_json":{"title":"politique de confidentialit\u00e9 - Dasco Storage Solutions","robots":{"index":"index","follow":"follow","max-snippet":"max-snippet:-1","max-image-preview":"max-image-preview:large","max-video-preview":"max-video-preview:-1"},"canonical":"https:\/\/dascostorage.com\/stging.ae\/fr\/politique-de-confidentialite\/","og_locale":"fr_FR","og_type":"article","og_title":"politique de confidentialit\u00e9 - Dasco Storage Solutions","og_description":"[ politique de confidentialit\u00e9 ] Cette politique de confidentialit\u00e9 d\u00e9finit la mani\u00e8re dont DASCO Storage Solutions (DASCO) g\u00e8re et s\u00e9curise les informations que vous lui communiquez lorsque vous utilisez ce site web. DASCO s\u2019engage \u00e0 garantir la protection de votre vie priv\u00e9e. Si nous vous demandons de fournir certaines informations permettant de vous identifier lors [&hellip;]","og_url":"https:\/\/dascostorage.com\/stging.ae\/fr\/politique-de-confidentialite\/","og_site_name":"Dasco Storage Solutions","article_publisher":"https:\/\/www.facebook.com\/profile.php?id=100028941325482","article_modified_time":"2025-05-03T18:48:35+00:00","twitter_card":"summary_large_image","twitter_misc":{"Dur\u00e9e de lecture estim\u00e9e":"4 minutes"},"schema":{"@context":"https:\/\/schema.org","@graph":[{"@type":"WebPage","@id":"https:\/\/dascostorage.com\/stging.ae\/fr\/politique-de-confidentialite\/","url":"https:\/\/dascostorage.com\/stging.ae\/fr\/politique-de-confidentialite\/","name":"politique de confidentialit\u00e9 - Dasco Storage Solutions","isPartOf":{"@id":"https:\/\/dascostorage.com\/stging.ae\/fr\/#website"},"datePublished":"2022-09-19T18:36:59+00:00","dateModified":"2025-05-03T18:48:35+00:00","breadcrumb":{"@id":"https:\/\/dascostorage.com\/stging.ae\/fr\/politique-de-confidentialite\/#breadcrumb"},"inLanguage":"fr-FR","potentialAction":[{"@type":"ReadAction","target":["https:\/\/dascostorage.com\/stging.ae\/fr\/politique-de-confidentialite\/"]}]},{"@type":"BreadcrumbList","@id":"https:\/\/dascostorage.com\/stging.ae\/fr\/politique-de-confidentialite\/#breadcrumb","itemListElement":[{"@type":"ListItem","position":1,"name":"Home","item":"https:\/\/dascostorage.com\/stging.ae\/fr\/"},{"@type":"ListItem","position":2,"name":"politique de confidentialit\u00e9"}]},{"@type":"WebSite","@id":"https:\/\/dascostorage.com\/stging.ae\/fr\/#website","url":"https:\/\/dascostorage.com\/stging.ae\/fr\/","name":"Dasco Storage Solutions","description":"High-security storage solutions for law enforcement, militaries, government facilities, public institutions, and more.","publisher":{"@id":"https:\/\/dascostorage.com\/stging.ae\/fr\/#organization"},"potentialAction":[{"@type":"SearchAction","target":{"@type":"EntryPoint","urlTemplate":"https:\/\/dascostorage.com\/stging.ae\/fr\/?s={search_term_string}"},"query-input":{"@type":"PropertyValueSpecification","valueRequired":true,"valueName":"search_term_string"}}],"inLanguage":"fr-FR"},{"@type":"Organization","@id":"https:\/\/dascostorage.com\/stging.ae\/fr\/#organization","name":"Dasco Storage Solutions","url":"https:\/\/dascostorage.com\/stging.ae\/fr\/","logo":{"@type":"ImageObject","inLanguage":"fr-FR","@id":"https:\/\/dascostorage.com\/stging.ae\/fr\/#\/schema\/logo\/image\/","url":"https:\/\/dascostorage.com\/stging.ae\/wp-content\/uploads\/2022\/09\/Dasco-Logo-1.png","contentUrl":"https:\/\/dascostorage.com\/stging.ae\/wp-content\/uploads\/2022\/09\/Dasco-Logo-1.png","width":1941,"height":556,"caption":"Dasco Storage Solutions"},"image":{"@id":"https:\/\/dascostorage.com\/stging.ae\/fr\/#\/schema\/logo\/image\/"},"sameAs":["https:\/\/www.facebook.com\/profile.php?id=100028941325482","https:\/\/www.instagram.com\/dascostoragesolutions\/"]}]}},"_links":{"self":[{"href":"https:\/\/dascostorage.com\/stging.ae\/fr\/wp-json\/wp\/v2\/pages\/7719","targetHints":{"allow":["GET"]}}],"collection":[{"href":"https:\/\/dascostorage.com\/stging.ae\/fr\/wp-json\/wp\/v2\/pages"}],"about":[{"href":"https:\/\/dascostorage.com\/stging.ae\/fr\/wp-json\/wp\/v2\/types\/page"}],"author":[{"embeddable":true,"href":"https:\/\/dascostorage.com\/stging.ae\/fr\/wp-json\/wp\/v2\/users\/1"}],"replies":[{"embeddable":true,"href":"https:\/\/dascostorage.com\/stging.ae\/fr\/wp-json\/wp\/v2\/comments?post=7719"}],"version-history":[{"count":9,"href":"https:\/\/dascostorage.com\/stging.ae\/fr\/wp-json\/wp\/v2\/pages\/7719\/revisions"}],"predecessor-version":[{"id":7883,"href":"https:\/\/dascostorage.com\/stging.ae\/fr\/wp-json\/wp\/v2\/pages\/7719\/revisions\/7883"}],"wp:attachment":[{"href":"https:\/\/dascostorage.com\/stging.ae\/fr\/wp-json\/wp\/v2\/media?parent=7719"}],"curies":[{"name":"wp","href":"https:\/\/api.w.org\/{rel}","templated":true}]}}