{"id":8093,"date":"2025-05-27T20:38:05","date_gmt":"2025-05-27T20:38:05","guid":{"rendered":"https:\/\/dascostorage.com\/code-de-conduite\/"},"modified":"2025-07-10T15:16:25","modified_gmt":"2025-07-10T15:16:25","slug":"code-de-conduite","status":"publish","type":"page","link":"https:\/\/dascostorage.com\/fr\/code-de-conduite\/","title":{"rendered":"Code de conduite"},"content":{"rendered":"\t\t<div data-elementor-type=\"wp-page\" data-elementor-id=\"8093\" class=\"elementor elementor-8093 elementor-8037\" data-elementor-post-type=\"page\">\n\t\t\t\t\t\t<section class=\"elementor-section elementor-top-section elementor-element elementor-element-faff4bd elementor-section-boxed elementor-section-height-default elementor-section-height-default\" data-id=\"faff4bd\" data-element_type=\"section\" data-e-type=\"section\">\n\t\t\t\t\t\t<div class=\"elementor-container elementor-column-gap-default\">\n\t\t\t\t\t<div class=\"elementor-column elementor-col-100 elementor-top-column elementor-element elementor-element-3d48dbb\" data-id=\"3d48dbb\" data-element_type=\"column\" data-e-type=\"column\">\n\t\t\t<div class=\"elementor-widget-wrap elementor-element-populated\">\n\t\t\t\t\t\t<div class=\"elementor-element elementor-element-89c5b65 elementor-widget elementor-widget-heading\" data-id=\"89c5b65\" data-element_type=\"widget\" data-e-type=\"widget\" data-widget_type=\"heading.default\">\n\t\t\t\t<div class=\"elementor-widget-container\">\n\t\t\t\t\t<h1 class=\"elementor-heading-title elementor-size-default\">[ Code de conduite ]<\/h1>\t\t\t\t<\/div>\n\t\t\t\t<\/div>\n\t\t\t\t\t<\/div>\n\t\t<\/div>\n\t\t\t\t\t<\/div>\n\t\t<\/section>\n\t\t\t\t<section class=\"elementor-section elementor-top-section elementor-element elementor-element-8d4dc94 elementor-section-boxed elementor-section-height-default elementor-section-height-default\" data-id=\"8d4dc94\" data-element_type=\"section\" data-e-type=\"section\">\n\t\t\t\t\t\t<div class=\"elementor-container elementor-column-gap-default\">\n\t\t\t\t\t<div class=\"elementor-column elementor-col-100 elementor-top-column elementor-element elementor-element-e57d423\" data-id=\"e57d423\" data-element_type=\"column\" data-e-type=\"column\">\n\t\t\t<div class=\"elementor-widget-wrap elementor-element-populated\">\n\t\t\t\t\t\t<div class=\"elementor-element elementor-element-468a2a4 elementor-widget__width-initial elementor-widget elementor-widget-text-editor\" data-id=\"468a2a4\" data-element_type=\"widget\" data-e-type=\"widget\" data-widget_type=\"text-editor.default\">\n\t\t\t\t<div class=\"elementor-widget-container\">\n\t\t\t\t\t\t\t\t\t<p data-start=\"0\" data-end=\"118\">Vast Industrial Corp s\u2019engage \u00e0 mener ses activit\u00e9s de mani\u00e8re \u00e9thique, responsable et durable.<\/p>\n<p><\/p>\n<p data-start=\"120\" data-end=\"211\">Nous nous engageons \u00e0 atteindre ces objectifs de la mani\u00e8re suivante:<\/p>\n<ul data-start=\"213\" data-end=\"394\">\n<li data-start=\"213\" data-end=\"250\">\n<p data-start=\"215\" data-end=\"250\">Conformit\u00e9 aux lois et r\u00e8glements<\/p>\n<\/li>\n<li data-start=\"251\" data-end=\"286\">\n<p data-start=\"253\" data-end=\"286\">Pratiques commerciales \u00e9thiques<\/p>\n<\/li>\n<li data-start=\"287\" data-end=\"311\">\n<p data-start=\"289\" data-end=\"311\">Pratiques de travail<\/p>\n<\/li>\n<li data-start=\"312\" data-end=\"333\">\n<p data-start=\"314\" data-end=\"333\">Sant\u00e9 et s\u00e9curit\u00e9<\/p>\n<\/li>\n<li data-start=\"334\" data-end=\"367\">\n<p data-start=\"336\" data-end=\"367\">Protection de l\u2019environnement<\/p>\n<\/li>\n<li data-start=\"368\" data-end=\"394\">\n<p data-start=\"370\" data-end=\"394\">Signalement et conformit\u00e9<\/p>\n<\/li>\n<\/ul>\n<p>Cliquez sur les liens ci-dessous pour en savoir plus.<\/p>\n\t\t\t\t\t\t\t\t<\/div>\n\t\t\t\t<\/div>\n\t\t\t\t\t<\/div>\n\t\t<\/div>\n\t\t\t\t\t<\/div>\n\t\t<\/section>\n\t\t<div class=\"elementor-element elementor-element-dadb904 e-flex e-con-boxed e-con e-parent\" data-id=\"dadb904\" data-element_type=\"container\" data-e-type=\"container\">\n\t\t\t\t\t<div class=\"e-con-inner\">\n\t\t<div class=\"elementor-element elementor-element-ed8d010 e-con-full e-flex e-con e-child\" data-id=\"ed8d010\" data-element_type=\"container\" data-e-type=\"container\">\n\t\t\t\t<div class=\"elementor-element elementor-element-f5cb10d elementor-widget elementor-widget-button\" data-id=\"f5cb10d\" data-element_type=\"widget\" data-e-type=\"widget\" data-widget_type=\"button.default\">\n\t\t\t\t<div class=\"elementor-widget-container\">\n\t\t\t\t\t\t\t\t\t<div class=\"elementor-button-wrapper\">\n\t\t\t\t\t<a class=\"elementor-button elementor-button-link elementor-size-sm\" href=\"https:\/\/dascostorage.com\/wp-content\/uploads\/2025\/05\/Vast-Supplier-Code-of-Conduct.pdf\" target=\"_blank\">\n\t\t\t\t\t\t<span class=\"elementor-button-content-wrapper\">\n\t\t\t\t\t\t\t\t\t<span class=\"elementor-button-text\">CODE DE CONDUITE DES FOURNISSEURS DE VAST<\/span>\n\t\t\t\t\t<\/span>\n\t\t\t\t\t<\/a>\n\t\t\t\t<\/div>\n\t\t\t\t\t\t\t\t<\/div>\n\t\t\t\t<\/div>\n\t\t\t\t<\/div>\n\t\t<div class=\"elementor-element elementor-element-2c5ea83 e-con-full e-flex e-con e-child\" data-id=\"2c5ea83\" data-element_type=\"container\" data-e-type=\"container\">\n\t\t\t\t<div class=\"elementor-element elementor-element-5b5064c elementor-widget elementor-widget-button\" data-id=\"5b5064c\" data-element_type=\"widget\" data-e-type=\"widget\" data-widget_type=\"button.default\">\n\t\t\t\t<div class=\"elementor-widget-container\">\n\t\t\t\t\t\t\t\t\t<div class=\"elementor-button-wrapper\">\n\t\t\t\t\t<a class=\"elementor-button elementor-button-link elementor-size-sm\" href=\"https:\/\/dascostorage.com\/wp-content\/uploads\/2025\/05\/FORCED-LABOUR-AND-CHILD-LABOUR-PREVENTION-STATEMENT-2023-SIGNED.pdf\" target=\"_blank\">\n\t\t\t\t\t\t<span class=\"elementor-button-content-wrapper\">\n\t\t\t\t\t\t\t\t\t<span class=\"elementor-button-text\">D\u00c9CLARATION SUR LA PR\u00c9VENTION DU TRAVAIL FORC\u00c9 ET DU TRAVAIL DES ENFANTS<\/span>\n\t\t\t\t\t<\/span>\n\t\t\t\t\t<\/a>\n\t\t\t\t<\/div>\n\t\t\t\t\t\t\t\t<\/div>\n\t\t\t\t<\/div>\n\t\t\t\t<\/div>\n\t\t\t\t\t<\/div>\n\t\t\t\t<\/div>\n\t\t\t\t<\/div>\n\t\t","protected":false},"excerpt":{"rendered":"<p>[ Code de conduite ] Vast Industrial Corp s\u2019engage \u00e0 mener ses activit\u00e9s de mani\u00e8re \u00e9thique, responsable et durable. Nous nous engageons \u00e0 atteindre ces objectifs de la mani\u00e8re suivante: Conformit\u00e9 aux lois et r\u00e8glements Pratiques commerciales \u00e9thiques Pratiques de travail Sant\u00e9 et s\u00e9curit\u00e9 Protection de l\u2019environnement Signalement et conformit\u00e9 Cliquez sur les liens ci-dessous [&hellip;]<\/p>\n","protected":false},"author":2,"featured_media":0,"parent":0,"menu_order":0,"comment_status":"closed","ping_status":"closed","template":"elementor_header_footer","meta":{"footnotes":""},"class_list":["post-8093","page","type-page","status-publish","hentry"],"yoast_head":"<!-- This site is optimized with the Yoast SEO plugin v27.4 - https:\/\/yoast.com\/product\/yoast-seo-wordpress\/ -->\n<title>Code de conduite - Dasco Storage Solutions<\/title>\n<meta name=\"robots\" content=\"index, follow, max-snippet:-1, max-image-preview:large, max-video-preview:-1\" \/>\n<link rel=\"canonical\" href=\"https:\/\/dascostorage.com\/fr\/code-de-conduite\/\" \/>\n<meta property=\"og:locale\" content=\"fr_FR\" \/>\n<meta property=\"og:type\" content=\"article\" \/>\n<meta property=\"og:title\" content=\"Code de conduite - Dasco Storage Solutions\" \/>\n<meta property=\"og:description\" content=\"[ Code de conduite ] Vast Industrial Corp s\u2019engage \u00e0 mener ses activit\u00e9s de mani\u00e8re \u00e9thique, responsable et durable. Nous nous engageons \u00e0 atteindre ces objectifs de la mani\u00e8re suivante: Conformit\u00e9 aux lois et r\u00e8glements Pratiques commerciales \u00e9thiques Pratiques de travail Sant\u00e9 et s\u00e9curit\u00e9 Protection de l\u2019environnement Signalement et conformit\u00e9 Cliquez sur les liens ci-dessous [&hellip;]\" \/>\n<meta property=\"og:url\" content=\"https:\/\/dascostorage.com\/fr\/code-de-conduite\/\" \/>\n<meta property=\"og:site_name\" content=\"Dasco Storage Solutions\" \/>\n<meta property=\"article:publisher\" content=\"https:\/\/www.facebook.com\/profile.php?id=100028941325482\" \/>\n<meta property=\"article:modified_time\" content=\"2025-07-10T15:16:25+00:00\" \/>\n<meta name=\"twitter:card\" content=\"summary_large_image\" \/>\n<script type=\"application\/ld+json\" class=\"yoast-schema-graph\">{\"@context\":\"https:\\\/\\\/schema.org\",\"@graph\":[{\"@type\":\"WebPage\",\"@id\":\"https:\\\/\\\/dascostorage.com\\\/fr\\\/code-de-conduite\\\/\",\"url\":\"https:\\\/\\\/dascostorage.com\\\/fr\\\/code-de-conduite\\\/\",\"name\":\"Code de conduite - Dasco Storage Solutions\",\"isPartOf\":{\"@id\":\"https:\\\/\\\/dascostorage.com\\\/fr\\\/#website\"},\"datePublished\":\"2025-05-27T20:38:05+00:00\",\"dateModified\":\"2025-07-10T15:16:25+00:00\",\"breadcrumb\":{\"@id\":\"https:\\\/\\\/dascostorage.com\\\/fr\\\/code-de-conduite\\\/#breadcrumb\"},\"inLanguage\":\"fr-FR\",\"potentialAction\":[{\"@type\":\"ReadAction\",\"target\":[\"https:\\\/\\\/dascostorage.com\\\/fr\\\/code-de-conduite\\\/\"]}]},{\"@type\":\"BreadcrumbList\",\"@id\":\"https:\\\/\\\/dascostorage.com\\\/fr\\\/code-de-conduite\\\/#breadcrumb\",\"itemListElement\":[{\"@type\":\"ListItem\",\"position\":1,\"name\":\"Home\",\"item\":\"https:\\\/\\\/dascostorage.com\\\/fr\\\/\"},{\"@type\":\"ListItem\",\"position\":2,\"name\":\"Code de conduite\"}]},{\"@type\":\"WebSite\",\"@id\":\"https:\\\/\\\/dascostorage.com\\\/fr\\\/#website\",\"url\":\"https:\\\/\\\/dascostorage.com\\\/fr\\\/\",\"name\":\"Dasco Storage Solutions\",\"description\":\"High-security storage solutions for law enforcement, militaries, government facilities, public institutions, and more.\",\"publisher\":{\"@id\":\"https:\\\/\\\/dascostorage.com\\\/fr\\\/#organization\"},\"potentialAction\":[{\"@type\":\"SearchAction\",\"target\":{\"@type\":\"EntryPoint\",\"urlTemplate\":\"https:\\\/\\\/dascostorage.com\\\/fr\\\/?s={search_term_string}\"},\"query-input\":{\"@type\":\"PropertyValueSpecification\",\"valueRequired\":true,\"valueName\":\"search_term_string\"}}],\"inLanguage\":\"fr-FR\"},{\"@type\":\"Organization\",\"@id\":\"https:\\\/\\\/dascostorage.com\\\/fr\\\/#organization\",\"name\":\"Dasco Storage Solutions\",\"url\":\"https:\\\/\\\/dascostorage.com\\\/fr\\\/\",\"logo\":{\"@type\":\"ImageObject\",\"inLanguage\":\"fr-FR\",\"@id\":\"https:\\\/\\\/dascostorage.com\\\/fr\\\/#\\\/schema\\\/logo\\\/image\\\/\",\"url\":\"https:\\\/\\\/dascostorage.com\\\/wp-content\\\/uploads\\\/2022\\\/09\\\/Dasco-Logo-1.png\",\"contentUrl\":\"https:\\\/\\\/dascostorage.com\\\/wp-content\\\/uploads\\\/2022\\\/09\\\/Dasco-Logo-1.png\",\"width\":1941,\"height\":556,\"caption\":\"Dasco Storage Solutions\"},\"image\":{\"@id\":\"https:\\\/\\\/dascostorage.com\\\/fr\\\/#\\\/schema\\\/logo\\\/image\\\/\"},\"sameAs\":[\"https:\\\/\\\/www.facebook.com\\\/profile.php?id=100028941325482\",\"https:\\\/\\\/www.instagram.com\\\/dascostoragesolutions\\\/\"]}]}<\/script>\n<!-- \/ Yoast SEO plugin. -->","yoast_head_json":{"title":"Code de conduite - Dasco Storage Solutions","robots":{"index":"index","follow":"follow","max-snippet":"max-snippet:-1","max-image-preview":"max-image-preview:large","max-video-preview":"max-video-preview:-1"},"canonical":"https:\/\/dascostorage.com\/fr\/code-de-conduite\/","og_locale":"fr_FR","og_type":"article","og_title":"Code de conduite - Dasco Storage Solutions","og_description":"[ Code de conduite ] Vast Industrial Corp s\u2019engage \u00e0 mener ses activit\u00e9s de mani\u00e8re \u00e9thique, responsable et durable. Nous nous engageons \u00e0 atteindre ces objectifs de la mani\u00e8re suivante: Conformit\u00e9 aux lois et r\u00e8glements Pratiques commerciales \u00e9thiques Pratiques de travail Sant\u00e9 et s\u00e9curit\u00e9 Protection de l\u2019environnement Signalement et conformit\u00e9 Cliquez sur les liens ci-dessous [&hellip;]","og_url":"https:\/\/dascostorage.com\/fr\/code-de-conduite\/","og_site_name":"Dasco Storage Solutions","article_publisher":"https:\/\/www.facebook.com\/profile.php?id=100028941325482","article_modified_time":"2025-07-10T15:16:25+00:00","twitter_card":"summary_large_image","schema":{"@context":"https:\/\/schema.org","@graph":[{"@type":"WebPage","@id":"https:\/\/dascostorage.com\/fr\/code-de-conduite\/","url":"https:\/\/dascostorage.com\/fr\/code-de-conduite\/","name":"Code de conduite - Dasco Storage Solutions","isPartOf":{"@id":"https:\/\/dascostorage.com\/fr\/#website"},"datePublished":"2025-05-27T20:38:05+00:00","dateModified":"2025-07-10T15:16:25+00:00","breadcrumb":{"@id":"https:\/\/dascostorage.com\/fr\/code-de-conduite\/#breadcrumb"},"inLanguage":"fr-FR","potentialAction":[{"@type":"ReadAction","target":["https:\/\/dascostorage.com\/fr\/code-de-conduite\/"]}]},{"@type":"BreadcrumbList","@id":"https:\/\/dascostorage.com\/fr\/code-de-conduite\/#breadcrumb","itemListElement":[{"@type":"ListItem","position":1,"name":"Home","item":"https:\/\/dascostorage.com\/fr\/"},{"@type":"ListItem","position":2,"name":"Code de conduite"}]},{"@type":"WebSite","@id":"https:\/\/dascostorage.com\/fr\/#website","url":"https:\/\/dascostorage.com\/fr\/","name":"Dasco Storage Solutions","description":"High-security storage solutions for law enforcement, militaries, government facilities, public institutions, and more.","publisher":{"@id":"https:\/\/dascostorage.com\/fr\/#organization"},"potentialAction":[{"@type":"SearchAction","target":{"@type":"EntryPoint","urlTemplate":"https:\/\/dascostorage.com\/fr\/?s={search_term_string}"},"query-input":{"@type":"PropertyValueSpecification","valueRequired":true,"valueName":"search_term_string"}}],"inLanguage":"fr-FR"},{"@type":"Organization","@id":"https:\/\/dascostorage.com\/fr\/#organization","name":"Dasco Storage Solutions","url":"https:\/\/dascostorage.com\/fr\/","logo":{"@type":"ImageObject","inLanguage":"fr-FR","@id":"https:\/\/dascostorage.com\/fr\/#\/schema\/logo\/image\/","url":"https:\/\/dascostorage.com\/wp-content\/uploads\/2022\/09\/Dasco-Logo-1.png","contentUrl":"https:\/\/dascostorage.com\/wp-content\/uploads\/2022\/09\/Dasco-Logo-1.png","width":1941,"height":556,"caption":"Dasco Storage Solutions"},"image":{"@id":"https:\/\/dascostorage.com\/fr\/#\/schema\/logo\/image\/"},"sameAs":["https:\/\/www.facebook.com\/profile.php?id=100028941325482","https:\/\/www.instagram.com\/dascostoragesolutions\/"]}]}},"_links":{"self":[{"href":"https:\/\/dascostorage.com\/fr\/wp-json\/wp\/v2\/pages\/8093","targetHints":{"allow":["GET"]}}],"collection":[{"href":"https:\/\/dascostorage.com\/fr\/wp-json\/wp\/v2\/pages"}],"about":[{"href":"https:\/\/dascostorage.com\/fr\/wp-json\/wp\/v2\/types\/page"}],"author":[{"embeddable":true,"href":"https:\/\/dascostorage.com\/fr\/wp-json\/wp\/v2\/users\/2"}],"replies":[{"embeddable":true,"href":"https:\/\/dascostorage.com\/fr\/wp-json\/wp\/v2\/comments?post=8093"}],"version-history":[{"count":3,"href":"https:\/\/dascostorage.com\/fr\/wp-json\/wp\/v2\/pages\/8093\/revisions"}],"predecessor-version":[{"id":8100,"href":"https:\/\/dascostorage.com\/fr\/wp-json\/wp\/v2\/pages\/8093\/revisions\/8100"}],"wp:attachment":[{"href":"https:\/\/dascostorage.com\/fr\/wp-json\/wp\/v2\/media?parent=8093"}],"curies":[{"name":"wp","href":"https:\/\/api.w.org\/{rel}","templated":true}]}}